{"id":14,"date":"2020-07-19T18:36:56","date_gmt":"2020-07-19T18:36:56","guid":{"rendered":"https:\/\/plomberielalonde.com\/?page_id=14"},"modified":"2025-05-29T18:43:06","modified_gmt":"2025-05-29T18:43:06","slug":"services-plomberie","status":"publish","type":"page","link":"https:\/\/plomberielalonde.com\/fr\/services-plomberie\/","title":{"rendered":"Services de plomberie"},"content":{"rendered":"<section class=\"service-container\">\n<div class=\"container\">\n<div class=\"row\">\n<div class=\"col-12 col-xxl-10 mx-auto\">\n<div class=\"lc-block\">\n<div editable=\"rich\">\n<h2 class=\"text-center\">Services<\/h2>\n<\/p><\/div>\n<\/p><\/div>\n<p><!-- \/lc-block --><\/p>\n<div class=\"lc-block service-content\">\n<div lc-helper=\"shortcode\" class=\"live-shortcode\"><div class=\"services-page\"><div class=\"service\" id=\"service-48\"><h3 class=\"service-question more collapsed\" data-toggle=\"collapse\" data-target=\"#service-answer-48\" aria-expanded=\"false\" aria-controls=\"service-answer-48\">D\u00e9blocage d'\u00e9gout<\/h3><div class=\"service-answer panel-collapse collapse\" id=\"service-answer-48\"><p><p class=\"western\" lang=\"en-US\">Si vous remarquez des probl\u00e8mes reli\u00e9s aux \u00e9gouts, chez Plomberie Lalonde, nous nous proposons pour le d\u00e9blocage de vos \u00e9gouts \u00e0 Gatineau. Nous travaillons dans des conditions sanitaires et s\u00e9curitaires afin d\u2019am\u00e9liorer la qualit\u00e9 de vie de votre maison et vous proposer une solution fiable.<\/p><\/p><p><a class=\"contact btn\" href=\"https:\/\/plomberielalonde.com\/fr\/contact\/\" aria-label=\"Obtenir de l'information\">Obtenir de l'information<\/a><\/p><\/div><\/div><div class=\"service\" id=\"service-59\"><h3 class=\"service-question more collapsed\" data-toggle=\"collapse\" data-target=\"#service-answer-59\" aria-expanded=\"false\" aria-controls=\"service-answer-59\">D\u00e9gel de tuyau<\/h3><div class=\"service-answer panel-collapse collapse\" id=\"service-answer-59\"><p>Si vos tuyaux sont gel\u00e9s, il est important de contacter des professionnels, comme Plomberie Lalonde, pour le d\u00e9gel de vos tuyaux \u00e0 vos domiciles. Nous op\u00e9rons des travaux r\u00e9sidentiels, commerciaux et industriels.<\/p><p><a class=\"contact btn\" href=\"https:\/\/plomberielalonde.com\/fr\/contact\/\" aria-label=\"Obtenir de l'information\">Obtenir de l'information<\/a><\/p><\/div><\/div><div class=\"service\" id=\"service-53\"><h3 class=\"service-question more collapsed\" data-toggle=\"collapse\" data-target=\"#service-answer-53\" aria-expanded=\"false\" aria-controls=\"service-answer-53\">Drain de garage<\/h3><div class=\"service-answer panel-collapse collapse\" id=\"service-answer-53\"><p><span style=\"font-weight: 400;\">Votre garage a besoin d\u2019\u00eatre drain\u00e9? Nous vous invitons \u00e0 contacter Plomberie Lalonde \u00e0 Gatineau. Notre \u00e9quipe saura r\u00e9aliser les travaux n\u00e9cessaires.<\/span><\/p><p><a class=\"contact btn\" href=\"https:\/\/plomberielalonde.com\/fr\/contact\/\" aria-label=\"Obtenir de l'information\">Obtenir de l'information<\/a><\/p><\/div><\/div><div class=\"service\" id=\"service-51\"><h3 class=\"service-question more collapsed\" data-toggle=\"collapse\" data-target=\"#service-answer-51\" aria-expanded=\"false\" aria-controls=\"service-answer-51\">Excavation \u00e9gout et aqueduc<\/h3><div class=\"service-answer panel-collapse collapse\" id=\"service-answer-51\"><p>Chez Plomberie Lalonde, nous faisons l\u2019excavation d\u2019\u00e9gout et aqueduc d\u00e9pendamment de votre cas sp\u00e9cifique. Tous nos travaux sont r\u00e9alis\u00e9s avec professionnalisme et pr\u00e9cision gr\u00e2ce \u00e0 nos m\u00e9thodes \u00e0 la fine pointe de la technologie.<\/p><p><a class=\"contact btn\" href=\"https:\/\/plomberielalonde.com\/fr\/contact\/\" aria-label=\"Obtenir de l'information\">Obtenir de l'information<\/a><\/p><\/div><\/div><div class=\"service\" id=\"service-55\"><h3 class=\"service-question more collapsed\" data-toggle=\"collapse\" data-target=\"#service-answer-55\" aria-expanded=\"false\" aria-controls=\"service-answer-55\">Inspection (conformit\u00e9 avec rapport pour assurance)<\/h3><div class=\"service-answer panel-collapse collapse\" id=\"service-answer-55\"><p>Chez Plomberie Lalonde \u00e0 Gatineau, nous vous donnons aussi la possibilit\u00e9 de faire une inspection pour tout besoin quelconque. Notre opinion professionnelle et expertise seront une valeur ajout\u00e9e pour tout rapport d\u2019assurance ou autre.<\/p><p><a class=\"contact btn\" href=\"https:\/\/plomberielalonde.com\/fr\/contact\/\" aria-label=\"Obtenir de l'information\">Obtenir de l'information<\/a><\/p><\/div><\/div><div class=\"service\" id=\"service-52\"><h3 class=\"service-question more collapsed\" data-toggle=\"collapse\" data-target=\"#service-answer-52\" aria-expanded=\"false\" aria-controls=\"service-answer-52\">Inspection par cam\u00e9ra<\/h3><div class=\"service-answer panel-collapse collapse\" id=\"service-answer-52\"><p>Chez Plomberie Lalonde, nous travaillons avec du mat\u00e9riel de qualit\u00e9. Notre inspection par cam\u00e9ra nous permet de d\u00e9celer tout probl\u00e8me et de vous proposer une solution pertinente.<\/p><p><a class=\"contact btn\" href=\"https:\/\/plomberielalonde.com\/fr\/contact\/\" aria-label=\"Obtenir de l'information\">Obtenir de l'information<\/a><\/p><\/div><\/div><div class=\"service\" id=\"service-57\"><h3 class=\"service-question more collapsed\" data-toggle=\"collapse\" data-target=\"#service-answer-57\" aria-expanded=\"false\" aria-controls=\"service-answer-57\">Nettoyage de drain fran\u00e7ais<\/h3><div class=\"service-answer panel-collapse collapse\" id=\"service-answer-57\"><p>Il est important de faire le nettoyage fr\u00e9quent de vos drains fran\u00e7ais pour assurer leur bon fonctionnement. Pour cela, faites confiance aux professionnels de Plomberie Lalonde \u00e0 Gatineau pour un travail bien fait.<\/p><p><a class=\"contact btn\" href=\"https:\/\/plomberielalonde.com\/fr\/contact\/\" aria-label=\"Obtenir de l'information\">Obtenir de l'information<\/a><\/p><\/div><\/div><div class=\"service\" id=\"service-50\"><h3 class=\"service-question more collapsed\" data-toggle=\"collapse\" data-target=\"#service-answer-50\" aria-expanded=\"false\" aria-controls=\"service-answer-50\">Pression<\/h3><div class=\"service-answer panel-collapse collapse\" id=\"service-answer-50\"><p>Avez-vous des probl\u00e8mes au niveau de la pression de l\u2019eau \u00e0 votre domicile? Nos experts, chez Plomberie Lalonde, sauront trouver le probl\u00e8me et vous proposer une solution efficace, dans les meilleurs d\u00e9lais.<\/p><p><a class=\"contact btn\" href=\"https:\/\/plomberielalonde.com\/fr\/contact\/\" aria-label=\"Obtenir de l'information\">Obtenir de l'information<\/a><\/p><\/div><\/div><div class=\"service\" id=\"service-54\"><h3 class=\"service-question more collapsed\" data-toggle=\"collapse\" data-target=\"#service-answer-54\" aria-expanded=\"false\" aria-controls=\"service-answer-54\">Probl\u00e8mes de vermines (Rats et autres rongeurs)<\/h3><div class=\"service-answer panel-collapse collapse\" id=\"service-answer-54\"><p>Si vous faites face \u00e0 des intrus, nous pouvons vous aider \u00e0 vous en d\u00e9barrasser. Avec notre expertise, notre pr\u00e9cision et notre professionnalisme, chez Plomberie Lalonde, nous aurons la solution !<\/p><p><a class=\"contact btn\" href=\"https:\/\/plomberielalonde.com\/fr\/contact\/\" aria-label=\"Obtenir de l'information\">Obtenir de l'information<\/a><\/p><\/div><\/div><div class=\"service\" id=\"service-58\"><h3 class=\"service-question more collapsed\" data-toggle=\"collapse\" data-target=\"#service-answer-58\" aria-expanded=\"false\" aria-controls=\"service-answer-58\">Remplacement d\u2019\u00e9gouts int\u00e9rieur<\/h3><div class=\"service-answer panel-collapse collapse\" id=\"service-answer-58\"><p>Chez Plomberie Lalonde, nous faisons le remplacement de vos \u00e9gouts int\u00e9rieurs, quels que soient la difficult\u00e9 ou l\u2019emplacement. Notre \u00e9quipe est en mesure de vous procurer les services n\u00e9cessaires.<\/p><p><a class=\"contact btn\" href=\"https:\/\/plomberielalonde.com\/fr\/contact\/\" aria-label=\"Obtenir de l'information\">Obtenir de l'information<\/a><\/p><\/div><\/div><div class=\"service\" id=\"service-60\"><h3 class=\"service-question more collapsed\" data-toggle=\"collapse\" data-target=\"#service-answer-60\" aria-expanded=\"false\" aria-controls=\"service-answer-60\">R\u00e9paration de plomberie en tout genre<\/h3><div class=\"service-answer panel-collapse collapse\" id=\"service-answer-60\"><p>Pour toutes autres r\u00e9parations, nous vous invitons \u00e0 nous contacter. Notre \u00e9quipe est constitu\u00e9e d\u2019experts qui pourront diagnostiquer tous vos probl\u00e8mes de plomberie et il nous fera plaisir de vous aider.<\/p><p><a class=\"contact btn\" href=\"https:\/\/plomberielalonde.com\/fr\/contact\/\" aria-label=\"Obtenir de l'information\">Obtenir de l'information<\/a><\/p><\/div><\/div><div class=\"service\" id=\"service-61\"><h3 class=\"service-question more collapsed\" data-toggle=\"collapse\" data-target=\"#service-answer-61\" aria-expanded=\"false\" aria-controls=\"service-answer-61\">R\u00e9servoir d\u2019eau chaude<\/h3><div class=\"service-answer panel-collapse collapse\" id=\"service-answer-61\"><p>Si votre r\u00e9servoir d\u2019eau chaude a besoin d\u2019\u00eatre r\u00e9par\u00e9, remplac\u00e9 ou install\u00e9, faites-appel \u00e0 nos plombiers \u00e0 Gatineau. Nous saurons vous renseigner sur les meilleures options pour vous.<\/p><p><a class=\"contact btn\" href=\"https:\/\/plomberielalonde.com\/fr\/contact\/\" aria-label=\"Obtenir de l'information\">Obtenir de l'information<\/a><\/p><\/div><\/div><div class=\"service\" id=\"service-49\"><h3 class=\"service-question more collapsed\" data-toggle=\"collapse\" data-target=\"#service-answer-49\" aria-expanded=\"false\" aria-controls=\"service-answer-49\">Rotor<\/h3><div class=\"service-answer panel-collapse collapse\" id=\"service-answer-49\"><p>Confiez-nous la t\u00e2che de toutes vos r\u00e9parations et installations pr\u00e8s de chez vous. Chez Plomberie Lalonde, nous offrons une vari\u00e9t\u00e9 de pi\u00e8ces pour assurer le bon fonctionnement de votre plomberie r\u00e9sidentielle, commerciale ou industrielle.<\/p><p><a class=\"contact btn\" href=\"https:\/\/plomberielalonde.com\/fr\/contact\/\" aria-label=\"Obtenir de l'information\">Obtenir de l'information<\/a><\/p><\/div><\/div><div class=\"service\" id=\"service-56\"><h3 class=\"service-question more collapsed\" data-toggle=\"collapse\" data-target=\"#service-answer-56\" aria-expanded=\"false\" aria-controls=\"service-answer-56\">Vidange de trappe \u00e0 graisses<\/h3><div class=\"service-answer panel-collapse collapse\" id=\"service-answer-56\"><p>Il est important de faire le nettoyage fr\u00e9quent de vos drains fran\u00e7ais pour assurer leur bon fonctionnement. Pour cela, faites confiance aux professionnels de Plomberie Lalonde \u00e0 Gatineau pour un travail bien fait.<\/p><p><a class=\"contact btn\" href=\"https:\/\/plomberielalonde.com\/fr\/contact\/\" aria-label=\"Obtenir de l'information\">Obtenir de l'information<\/a><\/p><\/div><\/div><\/div><\/div>\n<\/p><\/div>\n<p><!-- \/lc-block -->\n\t\t\t<\/div>\n<p><!-- \/col -->\n\t\t<\/div>\n<\/p><\/div>\n<\/section>\n","protected":false},"excerpt":{"rendered":"<p>Services<\/p>\n","protected":false},"author":1,"featured_media":0,"parent":0,"menu_order":0,"comment_status":"closed","ping_status":"closed","template":"","meta":{"footnotes":""},"class_list":["post-14","page","type-page","status-publish","hentry"],"yoast_head":"<!-- This site is optimized with the Yoast SEO plugin v27.3 - https:\/\/yoast.com\/product\/yoast-seo-wordpress\/ -->\n<title>Services de plomberie Gatineau | Plomberie Lalonde<\/title>\n<meta name=\"description\" content=\"Service de d\u00e9blocage d\u2019\u00e9gout, d\u00e9gel de tuyau, drainage, excavation d\u2019\u00e9gout et d\u2019aqueduc, inspection, etc. \u00e0 Gatineau.\" \/>\n<meta name=\"robots\" content=\"index, follow, max-snippet:-1, max-image-preview:large, max-video-preview:-1\" \/>\n<link rel=\"canonical\" href=\"https:\/\/plomberielalonde.com\/fr\/services-plomberie\/\" \/>\n<meta property=\"og:locale\" content=\"fr_FR\" \/>\n<meta property=\"og:type\" content=\"article\" \/>\n<meta property=\"og:title\" content=\"Services de plomberie Gatineau | Plomberie Lalonde\" \/>\n<meta property=\"og:description\" content=\"Service de d\u00e9blocage d\u2019\u00e9gout, d\u00e9gel de tuyau, drainage, excavation d\u2019\u00e9gout et d\u2019aqueduc, inspection, etc. \u00e0 Gatineau.\" \/>\n<meta property=\"og:url\" content=\"https:\/\/plomberielalonde.com\/fr\/services-plomberie\/\" \/>\n<meta property=\"og:site_name\" content=\"Plomberie Lalonde\" \/>\n<meta property=\"article:modified_time\" content=\"2025-05-29T18:43:06+00:00\" \/>\n<meta name=\"twitter:card\" content=\"summary_large_image\" \/>\n<script type=\"application\/ld+json\" class=\"yoast-schema-graph\">{\"@context\":\"https:\\\/\\\/schema.org\",\"@graph\":[{\"@type\":\"WebPage\",\"@id\":\"https:\\\/\\\/plomberielalonde.com\\\/fr\\\/services-plomberie\\\/\",\"url\":\"https:\\\/\\\/plomberielalonde.com\\\/fr\\\/services-plomberie\\\/\",\"name\":\"Services de plomberie Gatineau | Plomberie Lalonde\",\"isPartOf\":{\"@id\":\"https:\\\/\\\/plomberielalonde.com\\\/fr\\\/#website\"},\"datePublished\":\"2020-07-19T18:36:56+00:00\",\"dateModified\":\"2025-05-29T18:43:06+00:00\",\"description\":\"Service de d\u00e9blocage d\u2019\u00e9gout, d\u00e9gel de tuyau, drainage, excavation d\u2019\u00e9gout et d\u2019aqueduc, inspection, etc. \u00e0 Gatineau.\",\"breadcrumb\":{\"@id\":\"https:\\\/\\\/plomberielalonde.com\\\/fr\\\/services-plomberie\\\/#breadcrumb\"},\"inLanguage\":\"fr-FR\",\"potentialAction\":[{\"@type\":\"ReadAction\",\"target\":[\"https:\\\/\\\/plomberielalonde.com\\\/fr\\\/services-plomberie\\\/\"]}]},{\"@type\":\"BreadcrumbList\",\"@id\":\"https:\\\/\\\/plomberielalonde.com\\\/fr\\\/services-plomberie\\\/#breadcrumb\",\"itemListElement\":[{\"@type\":\"ListItem\",\"position\":1,\"name\":\"Home\",\"item\":\"https:\\\/\\\/plomberielalonde.com\\\/fr\\\/\"},{\"@type\":\"ListItem\",\"position\":2,\"name\":\"Services de plomberie\"}]},{\"@type\":\"WebSite\",\"@id\":\"https:\\\/\\\/plomberielalonde.com\\\/fr\\\/#website\",\"url\":\"https:\\\/\\\/plomberielalonde.com\\\/fr\\\/\",\"name\":\"Plomberie Lalonde\",\"description\":\"Un site utilisant WordPress\",\"publisher\":{\"@id\":\"https:\\\/\\\/plomberielalonde.com\\\/fr\\\/#organization\"},\"potentialAction\":[{\"@type\":\"SearchAction\",\"target\":{\"@type\":\"EntryPoint\",\"urlTemplate\":\"https:\\\/\\\/plomberielalonde.com\\\/fr\\\/?s={search_term_string}\"},\"query-input\":{\"@type\":\"PropertyValueSpecification\",\"valueRequired\":true,\"valueName\":\"search_term_string\"}}],\"inLanguage\":\"fr-FR\"},{\"@type\":\"Organization\",\"@id\":\"https:\\\/\\\/plomberielalonde.com\\\/fr\\\/#organization\",\"name\":\"Plomberie Lalonde\",\"url\":\"https:\\\/\\\/plomberielalonde.com\\\/fr\\\/\",\"logo\":{\"@type\":\"ImageObject\",\"inLanguage\":\"fr-FR\",\"@id\":\"https:\\\/\\\/plomberielalonde.com\\\/fr\\\/#\\\/schema\\\/logo\\\/image\\\/\",\"url\":\"https:\\\/\\\/plomberielalonde.com\\\/wp-content\\\/uploads\\\/2020\\\/07\\\/logo.png\",\"contentUrl\":\"https:\\\/\\\/plomberielalonde.com\\\/wp-content\\\/uploads\\\/2020\\\/07\\\/logo.png\",\"width\":260,\"height\":117,\"caption\":\"Plomberie Lalonde\"},\"image\":{\"@id\":\"https:\\\/\\\/plomberielalonde.com\\\/fr\\\/#\\\/schema\\\/logo\\\/image\\\/\"}}]}<\/script>\n<!-- \/ Yoast SEO plugin. -->","yoast_head_json":{"title":"Services de plomberie Gatineau | Plomberie Lalonde","description":"Service de d\u00e9blocage d\u2019\u00e9gout, d\u00e9gel de tuyau, drainage, excavation d\u2019\u00e9gout et d\u2019aqueduc, inspection, etc. \u00e0 Gatineau.","robots":{"index":"index","follow":"follow","max-snippet":"max-snippet:-1","max-image-preview":"max-image-preview:large","max-video-preview":"max-video-preview:-1"},"canonical":"https:\/\/plomberielalonde.com\/fr\/services-plomberie\/","og_locale":"fr_FR","og_type":"article","og_title":"Services de plomberie Gatineau | Plomberie Lalonde","og_description":"Service de d\u00e9blocage d\u2019\u00e9gout, d\u00e9gel de tuyau, drainage, excavation d\u2019\u00e9gout et d\u2019aqueduc, inspection, etc. \u00e0 Gatineau.","og_url":"https:\/\/plomberielalonde.com\/fr\/services-plomberie\/","og_site_name":"Plomberie Lalonde","article_modified_time":"2025-05-29T18:43:06+00:00","twitter_card":"summary_large_image","schema":{"@context":"https:\/\/schema.org","@graph":[{"@type":"WebPage","@id":"https:\/\/plomberielalonde.com\/fr\/services-plomberie\/","url":"https:\/\/plomberielalonde.com\/fr\/services-plomberie\/","name":"Services de plomberie Gatineau | Plomberie Lalonde","isPartOf":{"@id":"https:\/\/plomberielalonde.com\/fr\/#website"},"datePublished":"2020-07-19T18:36:56+00:00","dateModified":"2025-05-29T18:43:06+00:00","description":"Service de d\u00e9blocage d\u2019\u00e9gout, d\u00e9gel de tuyau, drainage, excavation d\u2019\u00e9gout et d\u2019aqueduc, inspection, etc. \u00e0 Gatineau.","breadcrumb":{"@id":"https:\/\/plomberielalonde.com\/fr\/services-plomberie\/#breadcrumb"},"inLanguage":"fr-FR","potentialAction":[{"@type":"ReadAction","target":["https:\/\/plomberielalonde.com\/fr\/services-plomberie\/"]}]},{"@type":"BreadcrumbList","@id":"https:\/\/plomberielalonde.com\/fr\/services-plomberie\/#breadcrumb","itemListElement":[{"@type":"ListItem","position":1,"name":"Home","item":"https:\/\/plomberielalonde.com\/fr\/"},{"@type":"ListItem","position":2,"name":"Services de plomberie"}]},{"@type":"WebSite","@id":"https:\/\/plomberielalonde.com\/fr\/#website","url":"https:\/\/plomberielalonde.com\/fr\/","name":"Plomberie Lalonde","description":"Un site utilisant WordPress","publisher":{"@id":"https:\/\/plomberielalonde.com\/fr\/#organization"},"potentialAction":[{"@type":"SearchAction","target":{"@type":"EntryPoint","urlTemplate":"https:\/\/plomberielalonde.com\/fr\/?s={search_term_string}"},"query-input":{"@type":"PropertyValueSpecification","valueRequired":true,"valueName":"search_term_string"}}],"inLanguage":"fr-FR"},{"@type":"Organization","@id":"https:\/\/plomberielalonde.com\/fr\/#organization","name":"Plomberie Lalonde","url":"https:\/\/plomberielalonde.com\/fr\/","logo":{"@type":"ImageObject","inLanguage":"fr-FR","@id":"https:\/\/plomberielalonde.com\/fr\/#\/schema\/logo\/image\/","url":"https:\/\/plomberielalonde.com\/wp-content\/uploads\/2020\/07\/logo.png","contentUrl":"https:\/\/plomberielalonde.com\/wp-content\/uploads\/2020\/07\/logo.png","width":260,"height":117,"caption":"Plomberie Lalonde"},"image":{"@id":"https:\/\/plomberielalonde.com\/fr\/#\/schema\/logo\/image\/"}}]}},"_links":{"self":[{"href":"https:\/\/plomberielalonde.com\/fr\/wp-json\/wp\/v2\/pages\/14","targetHints":{"allow":["GET"]}}],"collection":[{"href":"https:\/\/plomberielalonde.com\/fr\/wp-json\/wp\/v2\/pages"}],"about":[{"href":"https:\/\/plomberielalonde.com\/fr\/wp-json\/wp\/v2\/types\/page"}],"author":[{"embeddable":true,"href":"https:\/\/plomberielalonde.com\/fr\/wp-json\/wp\/v2\/users\/1"}],"replies":[{"embeddable":true,"href":"https:\/\/plomberielalonde.com\/fr\/wp-json\/wp\/v2\/comments?post=14"}],"version-history":[{"count":0,"href":"https:\/\/plomberielalonde.com\/fr\/wp-json\/wp\/v2\/pages\/14\/revisions"}],"wp:attachment":[{"href":"https:\/\/plomberielalonde.com\/fr\/wp-json\/wp\/v2\/media?parent=14"}],"curies":[{"name":"wp","href":"https:\/\/api.w.org\/{rel}","templated":true}]}}